{"id":53,"date":"2026-05-13T13:14:30","date_gmt":"2026-05-13T11:14:30","guid":{"rendered":"https:\/\/abchelps.de\/blog\/?page_id=53"},"modified":"2026-05-14T22:26:46","modified_gmt":"2026-05-14T20:26:46","slug":"deutschland-infoportal","status":"publish","type":"page","link":"https:\/\/abchelps.de\/blog\/?page_id=53","title":{"rendered":"Leben in Deutschland"},"content":{"rendered":"\n<div class=\"wp-block-query is-layout-flow wp-block-query-is-layout-flow\"><ul class=\"wp-block-post-template is-layout-flow wp-block-post-template-is-layout-flow\"><li class=\"wp-block-post post-124 post type-post status-publish format-standard has-post-thumbnail hentry category-eu-blue-card category-auafenthalt-zum-arbeiten category-visa-aufenthalt tag-blue-card-deutschland tag-eu-blue-card\">\n\n<div class=\"wp-block-columns alignwide is-layout-flex wp-container-core-columns-is-layout-9d6595d7 wp-block-columns-is-layout-flex\">\n<div class=\"wp-block-column is-layout-flow wp-block-column-is-layout-flow\" style=\"flex-basis:66.66%\"><figure class=\"wp-block-post-featured-image\"><a href=\"https:\/\/abchelps.de\/blog\/?p=124\" target=\"_self\"  ><img loading=\"lazy\" decoding=\"async\" width=\"1536\" height=\"1024\" src=\"https:\/\/abchelps.de\/blog\/wp-content\/uploads\/2026\/05\/Blue-Card.png\" class=\"attachment-post-thumbnail size-post-thumbnail wp-post-image\" alt=\"Blue Card Deutschland 2026 \u2013 Voraussetzungen &amp; Vorteile\" style=\"object-fit:cover;\" srcset=\"https:\/\/abchelps.de\/blog\/wp-content\/uploads\/2026\/05\/Blue-Card.png 1536w, https:\/\/abchelps.de\/blog\/wp-content\/uploads\/2026\/05\/Blue-Card-300x200.png 300w, https:\/\/abchelps.de\/blog\/wp-content\/uploads\/2026\/05\/Blue-Card-1024x683.png 1024w, https:\/\/abchelps.de\/blog\/wp-content\/uploads\/2026\/05\/Blue-Card-768x512.png 768w\" sizes=\"auto, (max-width: 1536px) 100vw, 1536px\" \/><\/a><\/figure><\/div>\n\n\n\n<div class=\"wp-block-column is-layout-flow wp-block-column-is-layout-flow\" style=\"flex-basis:33.33%\"><h2 class=\"wp-block-post-title\"><a href=\"https:\/\/abchelps.de\/blog\/?p=124\" target=\"_self\" >Blue Card Deutschland 2026 \u2013 Voraussetzungen &amp; Vorteile<\/a><\/h2>\n\n<div class=\"wp-block-post-excerpt\"><p class=\"wp-block-post-excerpt__excerpt\">Was ist die Blue Card? Die Blue Card EU ist ein Aufenthaltstitel f\u00fcr qualifizierte Fachkr\u00e4fte aus Nicht-EU-Staaten, die in Deutschland arbeiten m\u00f6chten. Sie erm\u00f6glicht internationalen Fachkr\u00e4ften einen vereinfachten Zugang zum deutschen Arbeitsmarkt und bietet langfristige Perspektiven f\u00fcr Aufenthalt und Niederlassung in Deutschland. Voraussetzungen f\u00fcr die Blue Card F\u00fcr die Beantragung der Blue Card m\u00fcssen in&#8230; <\/p><\/div><\/div>\n<\/div>\n\n<\/li><li class=\"wp-block-post post-126 post type-post status-publish format-standard has-post-thumbnail hentry category-eu-blue-card category-auafenthalt-zum-arbeiten category-visa-aufenthalt tag-blue-card-deutschland tag-eu-blue-card\">\n\n<div class=\"wp-block-columns alignwide is-layout-flex wp-container-core-columns-is-layout-9d6595d7 wp-block-columns-is-layout-flex\">\n<div class=\"wp-block-column is-layout-flow wp-block-column-is-layout-flow\" style=\"flex-basis:66.66%\"><figure class=\"wp-block-post-featured-image\"><a href=\"https:\/\/abchelps.de\/blog\/?p=126\" target=\"_self\"  ><img loading=\"lazy\" decoding=\"async\" width=\"1536\" height=\"1024\" src=\"https:\/\/abchelps.de\/blog\/wp-content\/uploads\/2026\/05\/Blue-Card-EU.png\" class=\"attachment-post-thumbnail size-post-thumbnail wp-post-image\" alt=\"EU oder Deutschland Blue Card?\" style=\"object-fit:cover;\" srcset=\"https:\/\/abchelps.de\/blog\/wp-content\/uploads\/2026\/05\/Blue-Card-EU.png 1536w, https:\/\/abchelps.de\/blog\/wp-content\/uploads\/2026\/05\/Blue-Card-EU-300x200.png 300w, https:\/\/abchelps.de\/blog\/wp-content\/uploads\/2026\/05\/Blue-Card-EU-1024x683.png 1024w, https:\/\/abchelps.de\/blog\/wp-content\/uploads\/2026\/05\/Blue-Card-EU-768x512.png 768w\" sizes=\"auto, (max-width: 1536px) 100vw, 1536px\" \/><\/a><\/figure><\/div>\n\n\n\n<div class=\"wp-block-column is-layout-flow wp-block-column-is-layout-flow\" style=\"flex-basis:33.33%\"><h2 class=\"wp-block-post-title\"><a href=\"https:\/\/abchelps.de\/blog\/?p=126\" target=\"_self\" >EU oder Deutschland Blue Card?<\/a><\/h2>\n\n<div class=\"wp-block-post-excerpt\"><p class=\"wp-block-post-excerpt__excerpt\">Unterschied zwischen Blue Card und EU Blue Card Eigentlich handelt es sich heute meistens um dasselbe. Die offizielle Bezeichnung lautet: EU Blue Card In Deutschland wird aber h\u00e4ufig einfach nur gesagt: &#8222;Blue Card&#8220; oder: &#8222;Blaue Karte EU&#8220; Was bedeutet \u201eEU\u201c? Die EU Blue Card ist ein Aufenthaltstitel der Europ\u00e4ischen Union f\u00fcr qualifizierte Fachkr\u00e4fte aus Nicht-EU-L\u00e4ndern&#8230;. <\/p><\/div><\/div>\n<\/div>\n\n<\/li><li class=\"wp-block-post post-150 post type-post status-publish format-standard has-post-thumbnail hentry category-auafenthalt-zum-arbeiten category-arbeitsvisum category-chancenkarte category-eu-blue-card category-expat category-fachkraeftevisum category-forscher-wissenschaftler category-visa-aufenthalt tag-anabin tag-anerkennung tag-auslaendischer-hochschulabschluss tag-hochschulabschluss tag-vergleichbarer-abschluss\">\n\n<div class=\"wp-block-columns alignwide is-layout-flex wp-container-core-columns-is-layout-9d6595d7 wp-block-columns-is-layout-flex\">\n<div class=\"wp-block-column is-layout-flow wp-block-column-is-layout-flow\" style=\"flex-basis:66.66%\"><figure class=\"wp-block-post-featured-image\"><a href=\"https:\/\/abchelps.de\/blog\/?p=150\" target=\"_self\"  ><img loading=\"lazy\" decoding=\"async\" width=\"1536\" height=\"1024\" src=\"https:\/\/abchelps.de\/blog\/wp-content\/uploads\/2026\/05\/Anabin.png\" class=\"attachment-post-thumbnail size-post-thumbnail wp-post-image\" alt=\"Anerkennung ausl\u00e4ndischer Abschl\u00fcsse\" style=\"object-fit:cover;\" srcset=\"https:\/\/abchelps.de\/blog\/wp-content\/uploads\/2026\/05\/Anabin.png 1536w, https:\/\/abchelps.de\/blog\/wp-content\/uploads\/2026\/05\/Anabin-300x200.png 300w, https:\/\/abchelps.de\/blog\/wp-content\/uploads\/2026\/05\/Anabin-1024x683.png 1024w, https:\/\/abchelps.de\/blog\/wp-content\/uploads\/2026\/05\/Anabin-768x512.png 768w\" sizes=\"auto, (max-width: 1536px) 100vw, 1536px\" \/><\/a><\/figure><\/div>\n\n\n\n<div class=\"wp-block-column is-layout-flow wp-block-column-is-layout-flow\" style=\"flex-basis:33.33%\"><h2 class=\"wp-block-post-title\"><a href=\"https:\/\/abchelps.de\/blog\/?p=150\" target=\"_self\" >Anerkennung ausl\u00e4ndischer Abschl\u00fcsse<\/a><\/h2>\n\n<div class=\"wp-block-post-excerpt\"><p class=\"wp-block-post-excerpt__excerpt\">Was ist Anabin ANABIN ist eine offizielle deutsche Datenbank zur Bewertung ausl\u00e4ndischer Hochschulabschl\u00fcsse und Bildungseinrichtungen. Der Name steht f\u00fcr: Anerkennung und Bewertung ausl\u00e4ndischer Bildungsnachweise Wof\u00fcr wird ANABIN genutzt? Mit ANABIN pr\u00fcfen deutsche Beh\u00f6rden unter anderem: Zum Beispiel: Warum ist ANABIN wichtig? F\u00fcr viele Aufenthaltstitel in Deutschland spielt die Anerkennung des Hochschulabschlusses eine wichtige Rolle. ANABIN&#8230; <\/p><\/div><\/div>\n<\/div>\n\n<\/li><li class=\"wp-block-post post-155 post type-post status-publish format-standard has-post-thumbnail hentry category-eu-blue-card category-auafenthalt-zum-arbeiten category-visa-aufenthalt tag-berufseinsteiger tag-mangelberufe tag-mindestgehalt-blue-card\">\n\n<div class=\"wp-block-columns alignwide is-layout-flex wp-container-core-columns-is-layout-9d6595d7 wp-block-columns-is-layout-flex\">\n<div class=\"wp-block-column is-layout-flow wp-block-column-is-layout-flow\" style=\"flex-basis:66.66%\"><figure class=\"wp-block-post-featured-image\"><a href=\"https:\/\/abchelps.de\/blog\/?p=155\" target=\"_self\"  ><img loading=\"lazy\" decoding=\"async\" width=\"1536\" height=\"1024\" src=\"https:\/\/abchelps.de\/blog\/wp-content\/uploads\/2026\/05\/Mindestgehalt-Blue-Card.png\" class=\"attachment-post-thumbnail size-post-thumbnail wp-post-image\" alt=\"2026 Mindesgehalt Blue Card\" style=\"object-fit:cover;\" srcset=\"https:\/\/abchelps.de\/blog\/wp-content\/uploads\/2026\/05\/Mindestgehalt-Blue-Card.png 1536w, https:\/\/abchelps.de\/blog\/wp-content\/uploads\/2026\/05\/Mindestgehalt-Blue-Card-300x200.png 300w, https:\/\/abchelps.de\/blog\/wp-content\/uploads\/2026\/05\/Mindestgehalt-Blue-Card-1024x683.png 1024w, https:\/\/abchelps.de\/blog\/wp-content\/uploads\/2026\/05\/Mindestgehalt-Blue-Card-768x512.png 768w\" sizes=\"auto, (max-width: 1536px) 100vw, 1536px\" \/><\/a><\/figure><\/div>\n\n\n\n<div class=\"wp-block-column is-layout-flow wp-block-column-is-layout-flow\" style=\"flex-basis:33.33%\"><h2 class=\"wp-block-post-title\"><a href=\"https:\/\/abchelps.de\/blog\/?p=155\" target=\"_self\" >2026 Mindesgehalt Blue Card<\/a><\/h2>\n\n<div class=\"wp-block-post-excerpt\"><p class=\"wp-block-post-excerpt__excerpt\">F\u00fcr die EU Blue Card gelten in Deutschland aktuell folgende Mindestgeh\u00e4lter f\u00fcr 2026: Regul\u00e4re Berufe Mangelberufe \/ Engpassberufe (z. B. IT, Ingenieurwesen, Mathematik, Medizin) F\u00fcr Berufseinsteiger Wenn der Hochschulabschluss weniger als 3 Jahre alt ist: \u2192 ebenfalls reduzierte Grenze m\u00f6glich: Wichtig Das Gehalt muss: Bonuszahlungen oder variable Provisionen z\u00e4hlen oft nicht vollst\u00e4ndig mit. Typische Mangelberufe <\/p><\/div><\/div>\n<\/div>\n\n<\/li><li class=\"wp-block-post post-163 post type-post status-publish format-standard has-post-thumbnail hentry category-eu-blue-card category-auafenthalt-zum-arbeiten category-daueraufenthalt category-niederlassungsfreiheit category-visa-aufenthalt tag-27-monate tag-antragsunterlagen tag-nach-21-monste tag-niederlassungserlaubnis-blue-card tag-voraussetzungen\">\n\n<div class=\"wp-block-columns alignwide is-layout-flex wp-container-core-columns-is-layout-9d6595d7 wp-block-columns-is-layout-flex\">\n<div class=\"wp-block-column is-layout-flow wp-block-column-is-layout-flow\" style=\"flex-basis:66.66%\"><figure class=\"wp-block-post-featured-image\"><a href=\"https:\/\/abchelps.de\/blog\/?p=163\" target=\"_self\"  ><img loading=\"lazy\" decoding=\"async\" width=\"1536\" height=\"1024\" src=\"https:\/\/abchelps.de\/blog\/wp-content\/uploads\/2026\/05\/Niederlassungserlaubnis-Blue-Card.png\" class=\"attachment-post-thumbnail size-post-thumbnail wp-post-image\" alt=\"Niederlassungserlaubnis f\u00fcr Blue Card\" style=\"object-fit:cover;\" srcset=\"https:\/\/abchelps.de\/blog\/wp-content\/uploads\/2026\/05\/Niederlassungserlaubnis-Blue-Card.png 1536w, https:\/\/abchelps.de\/blog\/wp-content\/uploads\/2026\/05\/Niederlassungserlaubnis-Blue-Card-300x200.png 300w, https:\/\/abchelps.de\/blog\/wp-content\/uploads\/2026\/05\/Niederlassungserlaubnis-Blue-Card-1024x683.png 1024w, https:\/\/abchelps.de\/blog\/wp-content\/uploads\/2026\/05\/Niederlassungserlaubnis-Blue-Card-768x512.png 768w\" sizes=\"auto, (max-width: 1536px) 100vw, 1536px\" \/><\/a><\/figure><\/div>\n\n\n\n<div class=\"wp-block-column is-layout-flow wp-block-column-is-layout-flow\" style=\"flex-basis:33.33%\"><h2 class=\"wp-block-post-title\"><a href=\"https:\/\/abchelps.de\/blog\/?p=163\" target=\"_self\" >Niederlassungserlaubnis f\u00fcr Blue Card<\/a><\/h2>\n\n<div class=\"wp-block-post-excerpt\"><p class=\"wp-block-post-excerpt__excerpt\">Niederlassungserlaubnis mit der Blue Card Inhaber einer EU Blue Card k\u00f6nnen in Deutschland unter bestimmten Voraussetzungen schneller eine Niederlassungserlaubnis erhalten. Wann ist die Niederlassungserlaubnis m\u00f6glich? Nach 27 Monaten wenn: Bereits nach 21 Monaten wenn zus\u00e4tzlich: Wichtige Voraussetzungen F\u00fcr die Niederlassungserlaubnis mit Blue Card m\u00fcssen in der Regel folgende Voraussetzungen erf\u00fcllt werden: *Die Monate z\u00e4hlen nur,&#8230; <\/p><\/div><\/div>\n<\/div>\n\n<\/li><li class=\"wp-block-post post-170 post type-post status-publish format-standard has-post-thumbnail hentry category-eu-blue-card category-auafenthalt-zum-arbeiten category-visa-aufenthalt tag-arbeitgeberwechseln-vor-12-monate tag-nach-12-monate tag-voraussetzung\">\n\n<div class=\"wp-block-columns alignwide is-layout-flex wp-container-core-columns-is-layout-9d6595d7 wp-block-columns-is-layout-flex\">\n<div class=\"wp-block-column is-layout-flow wp-block-column-is-layout-flow\" style=\"flex-basis:66.66%\"><figure class=\"wp-block-post-featured-image\"><a href=\"https:\/\/abchelps.de\/blog\/?p=170\" target=\"_self\"  ><img loading=\"lazy\" decoding=\"async\" width=\"1536\" height=\"1024\" src=\"https:\/\/abchelps.de\/blog\/wp-content\/uploads\/2026\/05\/Arbeitgeberwechsel-Blue-Card.png\" class=\"attachment-post-thumbnail size-post-thumbnail wp-post-image\" alt=\"Arbeitgeberwechsel mit Blue Card\" style=\"object-fit:cover;\" srcset=\"https:\/\/abchelps.de\/blog\/wp-content\/uploads\/2026\/05\/Arbeitgeberwechsel-Blue-Card.png 1536w, https:\/\/abchelps.de\/blog\/wp-content\/uploads\/2026\/05\/Arbeitgeberwechsel-Blue-Card-300x200.png 300w, https:\/\/abchelps.de\/blog\/wp-content\/uploads\/2026\/05\/Arbeitgeberwechsel-Blue-Card-1024x683.png 1024w, https:\/\/abchelps.de\/blog\/wp-content\/uploads\/2026\/05\/Arbeitgeberwechsel-Blue-Card-768x512.png 768w\" sizes=\"auto, (max-width: 1536px) 100vw, 1536px\" \/><\/a><\/figure><\/div>\n\n\n\n<div class=\"wp-block-column is-layout-flow wp-block-column-is-layout-flow\" style=\"flex-basis:33.33%\"><h2 class=\"wp-block-post-title\"><a href=\"https:\/\/abchelps.de\/blog\/?p=170\" target=\"_self\" >Arbeitgeberwechsel mit Blue Card<\/a><\/h2>\n\n<div class=\"wp-block-post-excerpt\"><p class=\"wp-block-post-excerpt__excerpt\">Ein Arbeitgeberwechsel ist mit der EU Blue Card grunds\u00e4tzlich m\u00f6glich. Allerdings gelten \u2013 insbesondere in den ersten Jahren \u2013 bestimmte Regelungen und Mitteilungspflichten. Arbeitgeberwechsel in den ersten 12 Monaten W\u00e4hrend der ersten 12 Monate nach Erteilung der EU Blue Card muss die Ausl\u00e4nderbeh\u00f6rde* in vielen F\u00e4llen dem Arbeitgeberwechsel zustimmen oder informiert werden. Dabei wird unter&#8230; <\/p><\/div><\/div>\n<\/div>\n\n<\/li><li class=\"wp-block-post post-182 post type-post status-publish format-standard has-post-thumbnail hentry category-visa-aufenthalt category-auafenthalt-zum-arbeiten category-chancenkarte tag-fachkraefte tag-punktesysteme tag-visum-fuer-arbeitsuche\">\n\n<div class=\"wp-block-columns alignwide is-layout-flex wp-container-core-columns-is-layout-9d6595d7 wp-block-columns-is-layout-flex\">\n<div class=\"wp-block-column is-layout-flow wp-block-column-is-layout-flow\" style=\"flex-basis:66.66%\"><figure class=\"wp-block-post-featured-image\"><a href=\"https:\/\/abchelps.de\/blog\/?p=182\" target=\"_self\"  ><img loading=\"lazy\" decoding=\"async\" width=\"1536\" height=\"1024\" src=\"https:\/\/abchelps.de\/blog\/wp-content\/uploads\/2026\/05\/Chancenkarte.png\" class=\"attachment-post-thumbnail size-post-thumbnail wp-post-image\" alt=\"Alle zum neuen Chancenkarte\" style=\"object-fit:cover;\" srcset=\"https:\/\/abchelps.de\/blog\/wp-content\/uploads\/2026\/05\/Chancenkarte.png 1536w, https:\/\/abchelps.de\/blog\/wp-content\/uploads\/2026\/05\/Chancenkarte-300x200.png 300w, https:\/\/abchelps.de\/blog\/wp-content\/uploads\/2026\/05\/Chancenkarte-1024x683.png 1024w, https:\/\/abchelps.de\/blog\/wp-content\/uploads\/2026\/05\/Chancenkarte-768x512.png 768w\" sizes=\"auto, (max-width: 1536px) 100vw, 1536px\" \/><\/a><\/figure><\/div>\n\n\n\n<div class=\"wp-block-column is-layout-flow wp-block-column-is-layout-flow\" style=\"flex-basis:33.33%\"><h2 class=\"wp-block-post-title\"><a href=\"https:\/\/abchelps.de\/blog\/?p=182\" target=\"_self\" >Alle zum neuen Chancenkarte<\/a><\/h2>\n\n<div class=\"wp-block-post-excerpt\"><p class=\"wp-block-post-excerpt__excerpt\">Die Chancenkarte ist ein Aufenthaltstitel f\u00fcr qualifizierte Fachkr\u00e4fte aus Nicht-EU-Staaten, die in Deutschland Arbeit suchen m\u00f6chten. Sie erm\u00f6glicht die Einreise nach Deutschland auch ohne bereits festen Arbeitsvertrag. Ziel der Chancenkarte Die Chancenkarte soll qualifizierten Personen den Einstieg in den deutschen Arbeitsmarkt erleichtern und dem Fachkr\u00e4ftemangel entgegenwirken. Wer kann die Chancenkarte beantragen? Grunds\u00e4tzlich Personen mit: Punktesystem&#8230; <\/p><\/div><\/div>\n<\/div>\n\n<\/li><li class=\"wp-block-post post-189 post type-post status-publish format-standard has-post-thumbnail hentry category-chancenkarte category-auafenthalt-zum-arbeiten category-visa-aufenthalt tag-einkommen-teilzeit tag-finanzielle-voraussetzung tag-sperrkonto tag-verpflichterklaerung\">\n\n<div class=\"wp-block-columns alignwide is-layout-flex wp-container-core-columns-is-layout-9d6595d7 wp-block-columns-is-layout-flex\">\n<div class=\"wp-block-column is-layout-flow wp-block-column-is-layout-flow\" style=\"flex-basis:66.66%\"><figure class=\"wp-block-post-featured-image\"><a href=\"https:\/\/abchelps.de\/blog\/?p=189\" target=\"_self\"  ><img loading=\"lazy\" decoding=\"async\" width=\"1122\" height=\"1402\" src=\"https:\/\/abchelps.de\/blog\/wp-content\/uploads\/2026\/05\/Finanzielle-Voraussetzung-Chancenkarte-1.png\" class=\"attachment-post-thumbnail size-post-thumbnail wp-post-image\" alt=\"Finanzielle Voraussetzung Chancenkarte\" style=\"object-fit:cover;\" srcset=\"https:\/\/abchelps.de\/blog\/wp-content\/uploads\/2026\/05\/Finanzielle-Voraussetzung-Chancenkarte-1.png 1122w, https:\/\/abchelps.de\/blog\/wp-content\/uploads\/2026\/05\/Finanzielle-Voraussetzung-Chancenkarte-1-240x300.png 240w, https:\/\/abchelps.de\/blog\/wp-content\/uploads\/2026\/05\/Finanzielle-Voraussetzung-Chancenkarte-1-819x1024.png 819w, https:\/\/abchelps.de\/blog\/wp-content\/uploads\/2026\/05\/Finanzielle-Voraussetzung-Chancenkarte-1-768x960.png 768w\" sizes=\"auto, (max-width: 1122px) 100vw, 1122px\" \/><\/a><\/figure><\/div>\n\n\n\n<div class=\"wp-block-column is-layout-flow wp-block-column-is-layout-flow\" style=\"flex-basis:33.33%\"><h2 class=\"wp-block-post-title\"><a href=\"https:\/\/abchelps.de\/blog\/?p=189\" target=\"_self\" >Finanzielle Voraussetzung Chancenkarte<\/a><\/h2>\n\n<div class=\"wp-block-post-excerpt\"><p class=\"wp-block-post-excerpt__excerpt\">F\u00fcr die Chancenkarte muss der Lebensunterhalt in Deutschland grunds\u00e4tzlich gesichert sein. Die finanzielle Voraussetzung orientiert sich aktuell meist am BAf\u00f6G-Satz bzw. am notwendigen Mindestbetrag f\u00fcr Studenten und Arbeitssuchende. Aktueller Richtwert 2026 In vielen F\u00e4llen werden ungef\u00e4hr verlangt: ca. 1.090 \u20ac bis 1.100 \u20ac pro Monat bzw. ungef\u00e4hr 13.000 \u20ac pro Jahr als Nachweis der finanziellen&#8230; <\/p><\/div><\/div>\n<\/div>\n\n<\/li><li class=\"wp-block-post post-194 post type-post status-publish format-standard has-post-thumbnail hentry category-familiennachzug category-ehegattennachzug category-eu-blue-card category-kindernachzug category-visa-aufenthalt tag-ausnahme tag-blue-card tag-ehegattennachzug tag-familiennachzug tag-kindernachzug\">\n\n<div class=\"wp-block-columns alignwide is-layout-flex wp-container-core-columns-is-layout-9d6595d7 wp-block-columns-is-layout-flex\">\n<div class=\"wp-block-column is-layout-flow wp-block-column-is-layout-flow\" style=\"flex-basis:66.66%\"><figure class=\"wp-block-post-featured-image\"><a href=\"https:\/\/abchelps.de\/blog\/?p=194\" target=\"_self\"  ><img loading=\"lazy\" decoding=\"async\" width=\"1536\" height=\"1024\" src=\"https:\/\/abchelps.de\/blog\/wp-content\/uploads\/2026\/05\/Familiennachzug-Blue-Card.png\" class=\"attachment-post-thumbnail size-post-thumbnail wp-post-image\" alt=\"Familiennachzug Blue Card\" style=\"object-fit:cover;\" srcset=\"https:\/\/abchelps.de\/blog\/wp-content\/uploads\/2026\/05\/Familiennachzug-Blue-Card.png 1536w, https:\/\/abchelps.de\/blog\/wp-content\/uploads\/2026\/05\/Familiennachzug-Blue-Card-300x200.png 300w, https:\/\/abchelps.de\/blog\/wp-content\/uploads\/2026\/05\/Familiennachzug-Blue-Card-1024x683.png 1024w, https:\/\/abchelps.de\/blog\/wp-content\/uploads\/2026\/05\/Familiennachzug-Blue-Card-768x512.png 768w\" sizes=\"auto, (max-width: 1536px) 100vw, 1536px\" \/><\/a><\/figure><\/div>\n\n\n\n<div class=\"wp-block-column is-layout-flow wp-block-column-is-layout-flow\" style=\"flex-basis:33.33%\"><h2 class=\"wp-block-post-title\"><a href=\"https:\/\/abchelps.de\/blog\/?p=194\" target=\"_self\" >Familiennachzug Blue Card<\/a><\/h2>\n\n<div class=\"wp-block-post-excerpt\"><p class=\"wp-block-post-excerpt__excerpt\">Familiennachzug nach Deutschland Der Familiennachzug erm\u00f6glicht es Ehepartnern, Kindern und in bestimmten F\u00e4llen weiteren Familienangeh\u00f6rigen, zu einer in Deutschland lebenden Person nachzuziehen. Je nach Aufenthaltstitel und pers\u00f6nlicher Situation gelten unterschiedliche Voraussetzungen. Wer kann nachziehen? Zum Familiennachzug geh\u00f6ren h\u00e4ufig: Familiennachzug zur EU Blue Card Inhaber einer EU Blue Card haben oft erleichterte Bedingungen beim Familiennachzug. Zum&#8230; <\/p><\/div><\/div>\n<\/div>\n\n<\/li><li class=\"wp-block-post post-197 post type-post status-publish format-standard has-post-thumbnail hentry category-familiennachzug category-ehegattennachzug category-kindernachzug category-sonstiger-nachzug category-visa-aufenthalt tag-familiennachzug-ohne-blue-card tag-voraussetzungen\">\n\n<div class=\"wp-block-columns alignwide is-layout-flex wp-container-core-columns-is-layout-9d6595d7 wp-block-columns-is-layout-flex\">\n<div class=\"wp-block-column is-layout-flow wp-block-column-is-layout-flow\" style=\"flex-basis:66.66%\"><figure class=\"wp-block-post-featured-image\"><a href=\"https:\/\/abchelps.de\/blog\/?p=197\" target=\"_self\"  ><img loading=\"lazy\" decoding=\"async\" width=\"1536\" height=\"1024\" src=\"https:\/\/abchelps.de\/blog\/wp-content\/uploads\/2026\/05\/Familiennachzug1.png\" class=\"attachment-post-thumbnail size-post-thumbnail wp-post-image\" alt=\"Familinenachzug ohne Blue Card\" style=\"object-fit:cover;\" srcset=\"https:\/\/abchelps.de\/blog\/wp-content\/uploads\/2026\/05\/Familiennachzug1.png 1536w, https:\/\/abchelps.de\/blog\/wp-content\/uploads\/2026\/05\/Familiennachzug1-300x200.png 300w, https:\/\/abchelps.de\/blog\/wp-content\/uploads\/2026\/05\/Familiennachzug1-1024x683.png 1024w, https:\/\/abchelps.de\/blog\/wp-content\/uploads\/2026\/05\/Familiennachzug1-768x512.png 768w\" sizes=\"auto, (max-width: 1536px) 100vw, 1536px\" \/><\/a><\/figure><\/div>\n\n\n\n<div class=\"wp-block-column is-layout-flow wp-block-column-is-layout-flow\" style=\"flex-basis:33.33%\"><h2 class=\"wp-block-post-title\"><a href=\"https:\/\/abchelps.de\/blog\/?p=197\" target=\"_self\" >Familinenachzug ohne Blue Card<\/a><\/h2>\n\n<div class=\"wp-block-post-excerpt\"><p class=\"wp-block-post-excerpt__excerpt\">Beim Familiennachzug zu Personen ohne EU Blue Card gelten in Deutschland h\u00e4ufig strengere Voraussetzungen. Dies betrifft zum Beispiel Personen mit: Typische Voraussetzungen 1. Gesicherter Lebensunterhalt Die in Deutschland lebende Person muss in vielen F\u00e4llen nachweisen, dass: 2. Ausreichender Wohnraum Die Wohnung muss ausreichend Platz f\u00fcr die Familie bieten. Die Ausl\u00e4nderbeh\u00f6rde pr\u00fcft h\u00e4ufig: 3. Krankenversicherung Alle&#8230; <\/p><\/div><\/div>\n<\/div>\n\n<\/li><\/ul><\/div>\n","protected":false},"excerpt":{"rendered":"","protected":false},"author":1,"featured_media":0,"parent":0,"menu_order":1,"comment_status":"closed","ping_status":"closed","template":"","meta":{"_kad_post_transparent":"","_kad_post_title":"","_kad_post_layout":"","_kad_post_sidebar_id":"","_kad_post_content_style":"","_kad_post_vertical_padding":"","_kad_post_feature":"","_kad_post_feature_position":"","_kad_post_header":false,"_kad_post_footer":false,"_kad_post_classname":"","footnotes":""},"class_list":["post-53","page","type-page","status-publish","hentry"],"_links":{"self":[{"href":"https:\/\/abchelps.de\/blog\/index.php?rest_route=\/wp\/v2\/pages\/53","targetHints":{"allow":["GET"]}}],"collection":[{"href":"https:\/\/abchelps.de\/blog\/index.php?rest_route=\/wp\/v2\/pages"}],"about":[{"href":"https:\/\/abchelps.de\/blog\/index.php?rest_route=\/wp\/v2\/types\/page"}],"author":[{"embeddable":true,"href":"https:\/\/abchelps.de\/blog\/index.php?rest_route=\/wp\/v2\/users\/1"}],"replies":[{"embeddable":true,"href":"https:\/\/abchelps.de\/blog\/index.php?rest_route=%2Fwp%2Fv2%2Fcomments&post=53"}],"version-history":[{"count":5,"href":"https:\/\/abchelps.de\/blog\/index.php?rest_route=\/wp\/v2\/pages\/53\/revisions"}],"predecessor-version":[{"id":354,"href":"https:\/\/abchelps.de\/blog\/index.php?rest_route=\/wp\/v2\/pages\/53\/revisions\/354"}],"wp:attachment":[{"href":"https:\/\/abchelps.de\/blog\/index.php?rest_route=%2Fwp%2Fv2%2Fmedia&parent=53"}],"curies":[{"name":"wp","href":"https:\/\/api.w.org\/{rel}","templated":true}]}}